{"id":1115,"date":"2017-06-27T11:00:03","date_gmt":"2017-06-27T13:00:03","guid":{"rendered":"http:\/\/www.encontracampobelo.com.br\/noticias\/?page_id=1115"},"modified":"2025-10-03T12:31:48","modified_gmt":"2025-10-03T14:31:48","slug":"sobre-o-campo-belo","status":"publish","type":"page","link":"https:\/\/www.encontracampobelo.com.br\/sobre\/","title":{"rendered":"Sobre o Campo Belo"},"content":{"rendered":"<div class=\"1cfda93c6640a8762b4fe319eb685dc5\" data-index=\"1\" style=\"float: none; margin:0px;\">\n<!-- Anuncio display - global -->\r\n<ins class=\"adsbygoogle\"\r\n     style=\"display:block\"\r\n     data-ad-client=\"ca-pub-8585364105181520\"\r\n     data-ad-slot=\"8789329856\"\r\n     data-ad-format=\"auto\"\r\n     data-full-width-responsive=\"true\"><\/ins>\r\n<script>\r\n     (adsbygoogle = window.adsbygoogle || []).push({});\r\n<\/script>\n<\/div>\n<p><img loading=\"lazy\" decoding=\"async\" width=\"560\" height=\"193\" class=\"alignnone wp-image-1116 size-full\" style=\"width: 100%; height: auto;\" src=\"http:\/\/www.encontracampobelo.com.br\/noticias\/wp-content\/uploads\/2017\/06\/bairro-campo-belo.jpg\" alt=\"\" srcset=\"https:\/\/www.encontracampobelo.com.br\/sobre\/wp-content\/uploads\/2017\/06\/bairro-campo-belo.jpg 560w, https:\/\/www.encontracampobelo.com.br\/sobre\/wp-content\/uploads\/2017\/06\/bairro-campo-belo-300x103.jpg 300w\" sizes=\"auto, (max-width: 560px) 100vw, 560px\" \/><\/p>\n<p>O <strong>Campo Belo<\/strong> (nome devido a parada do bonde com esse nome no local) \u00e9 um distrito situado na regi\u00e3o centro-sul da cidade de S\u00e3o Paulo, no limite norte do antigo munic\u00edpio de Santo Amaro.<\/p>\n<p>O <a href=\"\/\">Bairro Campo Belo<\/a> tornou-se, nos \u00faltimos anos, numa \u00e1rea de grandes edif\u00edcios de classe m\u00e9dia e m\u00e9dia-alta.<br \/>\nA origem do distrito do <a href=\"\/\">Campo Belo<\/a> est\u00e1 ligada \u00e0 evolu\u00e7\u00e3o da antiga Vila de <a href=\"http:\/\/www.encontrasantoamaro.com.br\/\" target=\"_blank\" rel=\"noopener noreferrer\">Santo Amaro<\/a>.<\/p>\n<p>Em princ\u00edpio, com a inaugura\u00e7\u00e3o em 1886 da linha f\u00e9rrea ligando S\u00e3o Paulo a Santo Amaro, a regi\u00e3o de vastos campos e fazendas come\u00e7ou a ser ocupada.<\/p>\n<p>Uma das maiores fazendas da regi\u00e3o pertencia a fam\u00edlia Vieira de Morais, loteada em meados de 1903.<\/p>\n<p>O loteamento dessa e de outras fazendas facilitou a coloniza\u00e7\u00e3o alem\u00e3 da regi\u00e3o.<\/p>\n<p>Para homenagear a comunidade de moradores deste maravilho bairro, o <a href=\"https:\/\/www.encontrasaopaulo.com.br\/\" target=\"_blank\" rel=\"noopener noreferrer\">Encontra S\u00e3o Paulo<\/a> criou o <a href=\"http:\/\/www.encontracampobelo.com.br\/\">Encontra Campo Belo<\/a> na cidade de S\u00e3o Paulo.<\/p>\n<h2>Limites &#8211; Bairros Vizinhos &#8211; <a href=\"http:\/\/www.zonasulsp.com.br\/\" target=\"_blank\" rel=\"noopener noreferrer\">Zona Sul<\/a><\/h2>\n<p><a title=\"Largo 13 de Maio \" href=\"http:\/\/www.encontralargo13demaio.com.br\/\" target=\"_blank\" rel=\"noopener noreferrer\"><img loading=\"lazy\" decoding=\"async\" class=\"alignleft size-full wp-image-1117\" src=\"http:\/\/www.encontracampobelo.com.br\/noticias\/wp-content\/uploads\/2017\/06\/mapa.gif\" alt=\"\" width=\"250\" height=\"250\" \/>Largo 13 de Maio <\/a><br \/>\n<a title=\"Itaim Bibi\" href=\"http:\/\/www.encontraitaim.com.br\/\" target=\"_blank\" rel=\"noopener noreferrer\">Itaim Bibi<\/a><br \/>\n<a title=\"Santo Amaro\" href=\"http:\/\/www.encontrasantoamaro.com.br\/\" target=\"_blank\" rel=\"noopener noreferrer\">Santo Amaro<\/a><br \/>\n<a title=\"Jabaquara\" href=\"http:\/\/www.encontrajabaquara.com.br\/\" target=\"_blank\" rel=\"noopener noreferrer\">Jabaquara<\/a><br \/>\n<a title=\"Sa\u00fade\" href=\"http:\/\/www.encontrasaude.com.br\/\" target=\"_blank\" rel=\"noopener noreferrer\">Sa\u00fade<\/a><br \/>\n<a title=\"Moema\" href=\"http:\/\/www.encontramoema.com.br\/\" target=\"_blank\" rel=\"noopener noreferrer\">Moema<\/a><\/p>\n<div style=\"clear: both;\"><\/div>\n<h3>Pontos Tur\u00edsticos<\/h3>\n<p><img loading=\"lazy\" decoding=\"async\" class=\"size-full wp-image-1118 alignleft\" src=\"http:\/\/www.encontracampobelo.com.br\/noticias\/wp-content\/uploads\/2017\/06\/congonhas-small.jpg\" alt=\"\" width=\"130\" height=\"87\" srcset=\"https:\/\/www.encontracampobelo.com.br\/sobre\/wp-content\/uploads\/2017\/06\/congonhas-small.jpg 130w, https:\/\/www.encontracampobelo.com.br\/sobre\/wp-content\/uploads\/2017\/06\/congonhas-small-300x200.jpg 300w\" sizes=\"auto, (max-width: 130px) 100vw, 130px\" \/>\u00a0<img loading=\"lazy\" decoding=\"async\" class=\"size-full wp-image-1119 alignleft\" src=\"http:\/\/www.encontracampobelo.com.br\/noticias\/wp-content\/uploads\/2017\/06\/avenida-washington-luis1-small.jpg\" alt=\"\" width=\"130\" height=\"87\" srcset=\"https:\/\/www.encontracampobelo.com.br\/sobre\/wp-content\/uploads\/2017\/06\/avenida-washington-luis1-small.jpg 130w, https:\/\/www.encontracampobelo.com.br\/sobre\/wp-content\/uploads\/2017\/06\/avenida-washington-luis1-small-300x200.jpg 300w\" sizes=\"auto, (max-width: 130px) 100vw, 130px\" \/><\/p>\n<div style=\"clear: both;\"><\/div>\n<p><strong>Destaque<\/strong><br \/>\n<a href=\"https:\/\/www.aeroportodecongonhas.org\" target=\"_blank\" rel=\"noopener\"><strong>Aeroporto de Congonhas<\/strong><\/a><br \/>\nSeu nome deve-se \u00e0 regi\u00e3o em que se situa, a antiga Vila Congonhas, de propriedade dos descendentes de Lucas Ant\u00f4nio Monteiro de Barros, visconde de Congonhas do Campo, presidente da prov\u00edncia de S\u00e3o Paulo durante per\u00edodo imperial.<\/p>\n<h3>Dados Principais sobre o Campo Belo<\/h3>\n<p><strong>Popula\u00e7\u00e3o<\/strong> 65.752 hab. (2010)<br \/>\n<strong>Renda m\u00e9dia<\/strong> R$ 6.498,82<br \/>\n<strong>IDH<\/strong> 0,935 &#8211; elevado<br \/>\n<strong>Subprefeitura<\/strong> Santo Amaro<br \/>\n<strong>Regi\u00e3o Administrativa<\/strong> Centro-Sul<br \/>\n<strong>\u00c1rea Geogr\u00e1fica<\/strong> 6<\/p>\n<h2>Moradores ilustres do Campo Belo<\/h2>\n<p><iframe loading=\"lazy\" class=\"\" style=\"border: none; overflow: hidden; width: 100%; height: 252px;\" src=\"http:\/\/www.facebook.com\/plugins\/likebox.php?href=http%3A%2F%2Fwww.facebook.com%2Fbairrocampobelo&amp;width=520&amp;colorscheme=light&amp;show_faces=true&amp;stream=false&amp;header=false&amp;height=252\" width=\"520\" height=\"150\" frameborder=\"0\" scrolling=\"No\"><\/iframe><\/p>\n\n<div style=\"font-size: 0px; height: 0px; line-height: 0px; margin: 0; padding: 0; clear: both;\"><\/div>","protected":false},"excerpt":{"rendered":"<p>O Campo Belo (nome devido a parada do bonde com esse nome no local) \u00e9 um distrito situado na regi\u00e3o centro-sul da cidade de S\u00e3o Paulo, no limite norte do antigo munic\u00edpio de Santo Amaro. O Bairro Campo Belo tornou-se, nos \u00faltimos anos, numa \u00e1rea de grandes edif\u00edcios de classe m\u00e9dia e m\u00e9dia-alta. A origem do distrito do Campo Belo est\u00e1 ligada \u00e0 evolu\u00e7\u00e3o da antiga Vila de Santo Amaro. Em princ\u00edpio, com a inaugura\u00e7\u00e3o em 1886 da linha f\u00e9rrea ligando S\u00e3o Paulo a Santo Amaro, a regi\u00e3o de vastos campos e fazendas come\u00e7ou a ser ocupada. Uma das maiores <\/p>\n","protected":false},"author":1,"featured_media":0,"parent":0,"menu_order":0,"comment_status":"closed","ping_status":"closed","template":"","meta":{"footnotes":""},"class_list":["post-1115","page","type-page","status-publish","hentry"],"aioseo_notices":[],"_links":{"self":[{"href":"https:\/\/www.encontracampobelo.com.br\/sobre\/wp-json\/wp\/v2\/pages\/1115","targetHints":{"allow":["GET"]}}],"collection":[{"href":"https:\/\/www.encontracampobelo.com.br\/sobre\/wp-json\/wp\/v2\/pages"}],"about":[{"href":"https:\/\/www.encontracampobelo.com.br\/sobre\/wp-json\/wp\/v2\/types\/page"}],"author":[{"embeddable":true,"href":"https:\/\/www.encontracampobelo.com.br\/sobre\/wp-json\/wp\/v2\/users\/1"}],"replies":[{"embeddable":true,"href":"https:\/\/www.encontracampobelo.com.br\/sobre\/wp-json\/wp\/v2\/comments?post=1115"}],"version-history":[{"count":0,"href":"https:\/\/www.encontracampobelo.com.br\/sobre\/wp-json\/wp\/v2\/pages\/1115\/revisions"}],"wp:attachment":[{"href":"https:\/\/www.encontracampobelo.com.br\/sobre\/wp-json\/wp\/v2\/media?parent=1115"}],"curies":[{"name":"wp","href":"https:\/\/api.w.org\/{rel}","templated":true}]}}